{"id":2,"date":"2016-05-10T03:48:21","date_gmt":"2016-05-10T03:48:21","guid":{"rendered":"http:\/\/held-buch.de\/?page_id=2"},"modified":"2024-10-20T13:10:30","modified_gmt":"2024-10-20T11:10:30","slug":"sample-page","status":"publish","type":"page","link":"https:\/\/held-buch.de\/","title":{"rendered":"Herzlich willkommen in Waging am See"},"content":{"rendered":"\n<p class=\"has-large-font-size\">Genie\u00dfen Sie einen sch\u00f6nen Urlaub in unserer kleinen, gem\u00fctlichen Ferienwohnung. Der Waginger See ist etwa 3,5 km entfernt und auf Radwegen erreichbar. Unser Haus liegt ruhig und Sie wohnen ebenerdig mit eigenem Eingang. Hier k\u00f6nnen sie den Tag genie\u00dfen und nach Herzenslust Ihren Lebensrhythmus selbst bestimmen. Bettw\u00e4sche und Handt\u00fccher werden gestellt, Abstellraum f\u00fcr Fahrr\u00e4der oder Dachkoffer stehen bereit und f\u00fcr Ihr Auto gibt es einen Parkplatz neben der Wohnung.<\/p>\n\n\n\n<h1 class=\"wp-block-heading\"><img loading=\"lazy\" decoding=\"async\" class=\"aligncenter wp-image-36 size-full\" src=\"http:\/\/held-buch.de\/wp-content\/uploads\/2018\/04\/Haus-Held2-2.jpg\" alt=\"\" width=\"958\" height=\"719\" srcset=\"https:\/\/held-buch.de\/wp-content\/uploads\/2018\/04\/Haus-Held2-2.jpg 958w, https:\/\/held-buch.de\/wp-content\/uploads\/2018\/04\/Haus-Held2-2-300x225.jpg 300w, https:\/\/held-buch.de\/wp-content\/uploads\/2018\/04\/Haus-Held2-2-768x576.jpg 768w, https:\/\/held-buch.de\/wp-content\/uploads\/2018\/04\/Haus-Held2-2-840x630.jpg 840w\" sizes=\"(max-width: 958px) 100vw, 958px\" \/><\/h1>\n\n\n\n<p class=\"has-large-font-size\">Tiere k\u00f6nnen Sie gerne mitbringen, wir haben ja schlie\u00dflich selber welche. Speziell Hunde finden bei uns sehr viel Auslauf rund um das Haus, oder bei Spazierg\u00e4ngen durch die nahegelegenen W\u00e4lder. Der Zutritt zu den meisten Strandb\u00e4dern ist mit Hunden leider nicht erlaubt, aber es gibt das <a href=\"https:\/\/www.waginger-see.de\/urlaubsplanung\/aktivitaeten\/wasserparadies\/strandbaeder\/strandbad-salzachinsel\" target=\"_blank\" rel=\"noopener\">Strandbad Salzachinsel<\/a> in 4,5 km Entfernung mit einem ausgewiesenen Hundestrand. Ganz in der N\u00e4he, gibt es auch eine sehr gute Hundeschule, und wenn Sie Probleme mit Ihrem Vierbeiner haben, vielleicht lassen sich diese ja im Urlaub beheben?<\/p>\n\n\n\n<p class=\"has-large-font-size\">Direkt am Haus angrenzend ist die Pferdekoppel unserer zwei Irish Tinker. Ein Sandplatz ist ebenfalls vorhanden und Ihre Kinder d\u00fcrfen gerne auf den Pferden reiten (gef\u00fchrt).<\/p>\n\n\n\n<figure class=\"wp-block-gallery has-nested-images columns-1 is-cropped wp-block-gallery-1 is-layout-flex wp-block-gallery-is-layout-flex\">\n<figure class=\"wp-block-image size-large\"><img loading=\"lazy\" decoding=\"async\" width=\"1024\" height=\"768\" data-id=\"40\" src=\"https:\/\/held-buch.de\/wp-content\/uploads\/2018\/04\/Tinker-09-018-2-1024x768.jpg\" alt=\"\" class=\"wp-image-40\" srcset=\"https:\/\/held-buch.de\/wp-content\/uploads\/2018\/04\/Tinker-09-018-2.jpg 1024w, https:\/\/held-buch.de\/wp-content\/uploads\/2018\/04\/Tinker-09-018-2-300x225.jpg 300w, https:\/\/held-buch.de\/wp-content\/uploads\/2018\/04\/Tinker-09-018-2-768x576.jpg 768w, https:\/\/held-buch.de\/wp-content\/uploads\/2018\/04\/Tinker-09-018-2-840x630.jpg 840w\" sizes=\"(max-width: 1024px) 100vw, 1024px\" \/><\/figure>\n\n\n\n<figure class=\"wp-block-image size-large\"><img loading=\"lazy\" decoding=\"async\" width=\"1024\" height=\"768\" data-id=\"44\" src=\"https:\/\/held-buch.de\/wp-content\/uploads\/2018\/04\/Tinker-09-003-2-1-1024x768.jpg\" alt=\"\" class=\"wp-image-44\" srcset=\"https:\/\/held-buch.de\/wp-content\/uploads\/2018\/04\/Tinker-09-003-2-1.jpg 1024w, https:\/\/held-buch.de\/wp-content\/uploads\/2018\/04\/Tinker-09-003-2-1-300x225.jpg 300w, https:\/\/held-buch.de\/wp-content\/uploads\/2018\/04\/Tinker-09-003-2-1-768x576.jpg 768w, https:\/\/held-buch.de\/wp-content\/uploads\/2018\/04\/Tinker-09-003-2-1-840x630.jpg 840w\" sizes=\"(max-width: 1024px) 100vw, 1024px\" \/><\/figure>\n<\/figure>\n\n\n\n<p class=\"has-large-font-size\">\u00dcber eine Bewertung Ihres Urlaubes w\u00fcrden wir uns sehr freuen,<br>\nIhre Familie Held<\/p>\n\n\n\n<p><script src=\"https:\/\/www.holidaycheck.de\/widgets?step=code&amp;type=code&amp;options=hotel-1-1433245-de_DE-l-g-1-0-1-3-1\" type=\"text\/javascript\"><\/script><\/p>\n\n\n\n<div id=\"holidaycheck-widget-hotel-1-1433245-de_DE-l-g-1-0-1-3-1\">\n<figure><a href=\"https:\/\/www.holidaycheck.de\/hi\/ferienwohnung-held\/97184908-6c61-3d78-9a6b-4b68ad14dbeb\"><img decoding=\"async\" src=\"https:\/\/www.holidaycheck.de\/widgets\/logo_xlarge.png\" alt=\"Hotels mit Hotelbewertungen bei HolidayCheck\" border=\"0\"><\/a><\/figure><div id=\"holidaycheck_widget_placeholder-1433245\" style=\"width: 120px; padding: 5px; background: #0058a2;\"><\/div>\n<\/div>\n\n\n\n<figure class=\"wp-block-table\"><table><tbody><tr><td><script src=\"https:\/\/www.holidaycheck.de\/widgets?step=code&amp;type=code&amp;options=hotel-1-1433245-de_DE-s-g-0-1---0\" type=\"text\/javascript\"><\/script><p><\/p>\n<div id=\"holidaycheck-widget-hotel-1-1433245-de_DE-s-g-0-1---0\">\n<figure><a href=\"https:\/\/www.holidaycheck.de\/hi\/ferienwohnung-held\/97184908-6c61-3d78-9a6b-4b68ad14dbeb\"><img decoding=\"async\" src=\"https:\/\/www.holidaycheck.de\/widgets\/logo_xlarge.png\" alt=\"Hotels mit Hotelbewertungen bei HolidayCheck\" border=\"0\"><\/a><\/figure><div id=\"holidaycheck_widget_placeholder-1433245\" style=\"width: 120px; padding: 5px; background: #0058a2;\"><\/div>\n<\/div>\n<\/td><td><script src=\"https:\/\/www.holidaycheck.de\/widgets?step=code&amp;type=code&amp;options=hotel-1-1433245-de_DE-s-g-0-2---0\" type=\"text\/javascript\"><\/script><p><\/p>\n<div id=\"holidaycheck-widget-hotel-1-1433245-de_DE-s-g-0-2---0\">\n<figure><a href=\"https:\/\/www.holidaycheck.de\/hi\/ferienwohnung-held\/97184908-6c61-3d78-9a6b-4b68ad14dbeb\"><img decoding=\"async\" src=\"https:\/\/www.holidaycheck.de\/widgets\/logo_xlarge.png\" alt=\"Hotels mit Hotelbewertungen bei HolidayCheck\" border=\"0\"><\/a><\/figure><div id=\"holidaycheck_widget_placeholder-1433245\" style=\"width: 120px; padding: 5px; background: #0058a2;\"><\/div>\n<\/div>\n<\/td><\/tr><\/tbody><\/table><\/figure>\n","protected":false},"excerpt":{"rendered":"<p>Genie\u00dfen Sie einen sch\u00f6nen Urlaub in unserer kleinen, gem\u00fctlichen Ferienwohnung. Der Waginger See ist etwa 3,5 km entfernt und auf Radwegen erreichbar. Unser Haus liegt ruhig und Sie wohnen ebenerdig mit eigenem Eingang. Hier k\u00f6nnen sie den Tag genie\u00dfen und nach Herzenslust Ihren Lebensrhythmus selbst bestimmen. Bettw\u00e4sche und Handt\u00fccher werden gestellt, Abstellraum f\u00fcr Fahrr\u00e4der oder&hellip;<\/p>\n","protected":false},"author":1,"featured_media":0,"parent":0,"menu_order":0,"comment_status":"closed","ping_status":"open","template":"","meta":{"footnotes":""},"_links":{"self":[{"href":"https:\/\/held-buch.de\/index.php?rest_route=\/wp\/v2\/pages\/2"}],"collection":[{"href":"https:\/\/held-buch.de\/index.php?rest_route=\/wp\/v2\/pages"}],"about":[{"href":"https:\/\/held-buch.de\/index.php?rest_route=\/wp\/v2\/types\/page"}],"author":[{"embeddable":true,"href":"https:\/\/held-buch.de\/index.php?rest_route=\/wp\/v2\/users\/1"}],"replies":[{"embeddable":true,"href":"https:\/\/held-buch.de\/index.php?rest_route=%2Fwp%2Fv2%2Fcomments&post=2"}],"version-history":[{"count":23,"href":"https:\/\/held-buch.de\/index.php?rest_route=\/wp\/v2\/pages\/2\/revisions"}],"predecessor-version":[{"id":102,"href":"https:\/\/held-buch.de\/index.php?rest_route=\/wp\/v2\/pages\/2\/revisions\/102"}],"wp:attachment":[{"href":"https:\/\/held-buch.de\/index.php?rest_route=%2Fwp%2Fv2%2Fmedia&parent=2"}],"curies":[{"name":"wp","href":"https:\/\/api.w.org\/{rel}","templated":true}]}}